{"id":221,"date":"2023-07-03T22:42:28","date_gmt":"2023-07-03T14:42:28","guid":{"rendered":"https:\/\/www.busyfish.top\/?page_id=221"},"modified":"2023-08-29T14:22:13","modified_gmt":"2023-08-29T06:22:13","slug":"park-carrier","status":"publish","type":"page","link":"https:\/\/www.tigerandtech.com\/de\/park-carrier\/","title":{"rendered":"Inkubator-Park"},"content":{"rendered":"<div data-elementor-type=\"wp-page\" data-elementor-id=\"221\" class=\"elementor elementor-221\" data-elementor-settings=\"{&quot;element_pack_global_tooltip_width&quot;:{&quot;unit&quot;:&quot;px&quot;,&quot;size&quot;:&quot;&quot;,&quot;sizes&quot;:[]},&quot;element_pack_global_tooltip_width_tablet&quot;:{&quot;unit&quot;:&quot;px&quot;,&quot;size&quot;:&quot;&quot;,&quot;sizes&quot;:[]},&quot;element_pack_global_tooltip_width_mobile&quot;:{&quot;unit&quot;:&quot;px&quot;,&quot;size&quot;:&quot;&quot;,&quot;sizes&quot;:[]},&quot;element_pack_global_tooltip_padding&quot;:{&quot;unit&quot;:&quot;px&quot;,&quot;top&quot;:&quot;&quot;,&quot;right&quot;:&quot;&quot;,&quot;bottom&quot;:&quot;&quot;,&quot;left&quot;:&quot;&quot;,&quot;isLinked&quot;:true},&quot;element_pack_global_tooltip_padding_tablet&quot;:{&quot;unit&quot;:&quot;px&quot;,&quot;top&quot;:&quot;&quot;,&quot;right&quot;:&quot;&quot;,&quot;bottom&quot;:&quot;&quot;,&quot;left&quot;:&quot;&quot;,&quot;isLinked&quot;:true},&quot;element_pack_global_tooltip_padding_mobile&quot;:{&quot;unit&quot;:&quot;px&quot;,&quot;top&quot;:&quot;&quot;,&quot;right&quot;:&quot;&quot;,&quot;bottom&quot;:&quot;&quot;,&quot;left&quot;:&quot;&quot;,&quot;isLinked&quot;:true},&quot;element_pack_global_tooltip_border_radius&quot;:{&quot;unit&quot;:&quot;px&quot;,&quot;top&quot;:&quot;&quot;,&quot;right&quot;:&quot;&quot;,&quot;bottom&quot;:&quot;&quot;,&quot;left&quot;:&quot;&quot;,&quot;isLinked&quot;:true},&quot;element_pack_global_tooltip_border_radius_tablet&quot;:{&quot;unit&quot;:&quot;px&quot;,&quot;top&quot;:&quot;&quot;,&quot;right&quot;:&quot;&quot;,&quot;bottom&quot;:&quot;&quot;,&quot;left&quot;:&quot;&quot;,&quot;isLinked&quot;:true},&quot;element_pack_global_tooltip_border_radius_mobile&quot;:{&quot;unit&quot;:&quot;px&quot;,&quot;top&quot;:&quot;&quot;,&quot;right&quot;:&quot;&quot;,&quot;bottom&quot;:&quot;&quot;,&quot;left&quot;:&quot;&quot;,&quot;isLinked&quot;:true}}\" data-elementor-post-type=\"page\">\n\t\t\t\t\t\t<section class=\"elementor-section elementor-top-section elementor-element elementor-element-413c22c elementor-section-height-min-height elementor-section-boxed elementor-section-height-default elementor-section-items-middle\" data-id=\"413c22c\" data-element_type=\"section\" data-settings=\"{&quot;background_background&quot;:&quot;classic&quot;}\">\n\t\t\t\t\t\t\t<div class=\"elementor-background-overlay\"><\/div>\n\t\t\t\t\t\t\t<div class=\"elementor-container elementor-column-gap-default\">\n\t\t\t\t\t<div class=\"elementor-column elementor-col-100 elementor-top-column elementor-element elementor-element-81b7a21\" data-id=\"81b7a21\" data-element_type=\"column\">\n\t\t\t<div class=\"elementor-widget-wrap elementor-element-populated\">\n\t\t\t\t\t\t<div class=\"elementor-element elementor-element-24cf3dc elementor-widget elementor-widget-heading\" data-id=\"24cf3dc\" data-element_type=\"widget\" data-widget_type=\"heading.default\">\n\t\t\t\t\t<h1 class=\"elementor-heading-title elementor-size-default\">Mehrere Parktr\u00e4ger<br>\nMehr M\u00f6glichkeiten zur Verwirklichung Ihrer Ambitionen<\/h1>\t\t\t\t<\/div>\n\t\t\t\t\t<\/div>\n\t\t<\/div>\n\t\t\t\t\t<\/div>\n\t\t<\/section>\n\t\t\t\t<section class=\"elementor-section elementor-top-section elementor-element elementor-element-8788594 elementor-section-boxed elementor-section-height-default elementor-section-height-default\" data-id=\"8788594\" data-element_type=\"section\">\n\t\t\t\t\t\t<div class=\"elementor-container elementor-column-gap-default\">\n\t\t\t\t\t<div class=\"elementor-column elementor-col-50 elementor-top-column elementor-element elementor-element-6b1b212\" data-id=\"6b1b212\" data-element_type=\"column\">\n\t\t\t<div class=\"elementor-widget-wrap elementor-element-populated\">\n\t\t\t\t\t\t<section class=\"elementor-section elementor-inner-section elementor-element elementor-element-5f9d6e8 elementor-section-boxed elementor-section-height-default elementor-section-height-default\" data-id=\"5f9d6e8\" data-element_type=\"section\" data-settings=\"{&quot;background_background&quot;:&quot;classic&quot;}\">\n\t\t\t\t\t\t<div class=\"elementor-container elementor-column-gap-no\">\n\t\t\t\t\t<div class=\"elementor-column elementor-col-100 elementor-inner-column elementor-element elementor-element-6eeb0a1\" data-id=\"6eeb0a1\" data-element_type=\"column\">\n\t\t\t<div class=\"elementor-widget-wrap elementor-element-populated\">\n\t\t\t\t\t\t<div class=\"elementor-element elementor-element-a44ed26 elementor-widget elementor-widget-heading\" data-id=\"a44ed26\" data-element_type=\"widget\" data-widget_type=\"heading.default\">\n\t\t\t\t\t<h2 class=\"elementor-heading-title elementor-size-default\">Nanjing Lishui Xingzhuang Industriepark<\/h2>\t\t\t\t<\/div>\n\t\t\t\t<div class=\"elementor-element elementor-element-c1e6f21 elementor-widget elementor-widget-image\" data-id=\"c1e6f21\" data-element_type=\"widget\" data-widget_type=\"image.default\">\n\t\t\t\t\t\t\t\t\t\t\t\t\t\t\t<img fetchpriority=\"high\" decoding=\"async\" width=\"729\" height=\"492\" src=\"https:\/\/www.tigerandtech.com\/wp-content\/uploads\/2023\/07\/address-img.webp\" class=\"attachment-large size-large wp-image-225\" alt=\"\" srcset=\"https:\/\/www.tigerandtech.com\/wp-content\/uploads\/2023\/07\/address-img.webp 729w, https:\/\/www.tigerandtech.com\/wp-content\/uploads\/2023\/07\/address-img-300x202.webp 300w\" sizes=\"(max-width: 729px) 100vw, 729px\" \/>\t\t\t\t\t\t\t\t\t\t\t\t\t\t\t<\/div>\n\t\t\t\t<div class=\"elementor-element elementor-element-59b60de elementor-widget elementor-widget-text-editor\" data-id=\"59b60de\" data-element_type=\"widget\" data-widget_type=\"text-editor.default\">\n\t\t\t\t\t\t\t\t\t<p>Nanjing Xingzhuang Wissenschafts- und Technologie-Industriepark (Overseas Talent Pioneering Park)<span style=\"text-align: justify;\">Es handelt sich um einen hochrangigen Tr\u00e4ger f\u00fcr wissenschaftliche und technologische Innovation, die Zusammenf\u00fchrung von Talenten und die Konvergenz verschiedener Branchen.<\/span>Es befindet sich in der Qinhuai Avenue Nr. 288, Bezirk Lishui, Nanjing, Provinz Jiangsu, in der N\u00e4he der U-Bahn-Station Xingzhuang, des Wanda Plaza und des Talent Apartments und ist von einem umfassenden st\u00e4dtischen Verkehrsnetz, Gesch\u00e4fts- und Handelseinrichtungen sowie \u00f6ffentlichen Dienstleistungen umgeben.<\/p>\t\t\t\t\t\t\t\t<\/div>\n\t\t\t\t\t<\/div>\n\t\t<\/div>\n\t\t\t\t\t<\/div>\n\t\t<\/section>\n\t\t\t\t\t<\/div>\n\t\t<\/div>\n\t\t\t\t<div class=\"elementor-column elementor-col-50 elementor-top-column elementor-element elementor-element-696818e\" data-id=\"696818e\" data-element_type=\"column\">\n\t\t\t<div class=\"elementor-widget-wrap elementor-element-populated\">\n\t\t\t\t\t\t<section class=\"elementor-section elementor-inner-section elementor-element elementor-element-84787c5 elementor-section-boxed elementor-section-height-default elementor-section-height-default\" data-id=\"84787c5\" data-element_type=\"section\" data-settings=\"{&quot;background_background&quot;:&quot;classic&quot;}\">\n\t\t\t\t\t\t<div class=\"elementor-container elementor-column-gap-no\">\n\t\t\t\t\t<div class=\"elementor-column elementor-col-100 elementor-inner-column elementor-element elementor-element-52d21d7\" data-id=\"52d21d7\" data-element_type=\"column\">\n\t\t\t<div class=\"elementor-widget-wrap elementor-element-populated\">\n\t\t\t\t\t\t<div class=\"elementor-element elementor-element-bd1c0ad elementor-widget elementor-widget-heading\" data-id=\"bd1c0ad\" data-element_type=\"widget\" data-widget_type=\"heading.default\">\n\t\t\t\t\t<h2 class=\"elementor-heading-title elementor-size-default\">Nanjing Lishui Wissenschafts- und Technologiegeb\u00e4ude<\/h2>\t\t\t\t<\/div>\n\t\t\t\t<div class=\"elementor-element elementor-element-892776c elementor-widget elementor-widget-image\" data-id=\"892776c\" data-element_type=\"widget\" data-widget_type=\"image.default\">\n\t\t\t\t\t\t\t\t\t\t\t\t\t\t\t<img fetchpriority=\"high\" decoding=\"async\" width=\"729\" height=\"492\" src=\"https:\/\/www.tigerandtech.com\/wp-content\/uploads\/2023\/07\/address-img.webp\" class=\"attachment-large size-large wp-image-225\" alt=\"\" srcset=\"https:\/\/www.tigerandtech.com\/wp-content\/uploads\/2023\/07\/address-img.webp 729w, https:\/\/www.tigerandtech.com\/wp-content\/uploads\/2023\/07\/address-img-300x202.webp 300w\" sizes=\"(max-width: 729px) 100vw, 729px\" \/>\t\t\t\t\t\t\t\t\t\t\t\t\t\t\t<\/div>\n\t\t\t\t<div class=\"elementor-element elementor-element-eb6517b elementor-widget elementor-widget-text-editor\" data-id=\"eb6517b\" data-element_type=\"widget\" data-widget_type=\"text-editor.default\">\n\t\t\t\t\t\t\t\t\t<p style=\"text-align: justify;\">Das Nanjing Lishui Science and Innovation Building ist ein hochwertiges Geb\u00e4ude f\u00fcr wissenschaftliche und technologische Innovation, die Sammlung von Talenten und diversifizierte Branchen. Es befindet sich im Bezirk Lishui, Nanjing, Provinz Jiangsu, in der N\u00e4he des S\u00fcdbahnhofs Nanjing und des Flughafens Lukou.\u00a0<\/p>\t\t\t\t\t\t\t\t<\/div>\n\t\t\t\t\t<\/div>\n\t\t<\/div>\n\t\t\t\t\t<\/div>\n\t\t<\/section>\n\t\t\t\t\t<\/div>\n\t\t<\/div>\n\t\t\t\t\t<\/div>\n\t\t<\/section>\n\t\t\t\t<\/div>","protected":false},"excerpt":{"rendered":"<p>Mehrere Parktr\u00e4ger bieten mehr M\u00f6glichkeiten zur Verwirklichung Ihres Ideals Nanjing Lishui Hsingzhuang Industrial Park Nanjing Hsingzhuang Science and Technology Industrial Park (Overseas Talent Pioneer Park) bietet M\u00f6glichkeiten f\u00fcr wissenschaftliche und technologische Innovation, [...].<\/p>","protected":false},"author":4,"featured_media":0,"parent":0,"menu_order":9,"comment_status":"closed","ping_status":"closed","template":"","meta":{"_acf_changed":false,"footnotes":""},"class_list":["post-221","page","type-page","status-publish","hentry"],"acf":[],"yoast_head":"<!-- This site is optimized with the Yoast SEO plugin v25.8 - https:\/\/yoast.com\/wordpress\/plugins\/seo\/ -->\n<title>\u56ed\u533a\u8f7d\u4f53 - \u6c5f\u82cf\u5c0f\u864e\u79d1\u6280\u53d1\u5c55\u6709\u9650\u516c\u53f8<\/title>\n<meta name=\"robots\" content=\"index, follow, max-snippet:-1, max-image-preview:large, max-video-preview:-1\" \/>\n<link rel=\"canonical\" href=\"https:\/\/www.tigerandtech.com\/de\/park-carrier\/\" \/>\n<meta property=\"og:locale\" content=\"de_DE\" \/>\n<meta property=\"og:type\" content=\"article\" \/>\n<meta property=\"og:title\" content=\"\u56ed\u533a\u8f7d\u4f53 - \u6c5f\u82cf\u5c0f\u864e\u79d1\u6280\u53d1\u5c55\u6709\u9650\u516c\u53f8\" \/>\n<meta property=\"og:description\" content=\"\u591a\u4e2a\u56ed\u533a\u8f7d\u4f53 \u4e3a\u5b9e\u73b0\u60a8\u7684\u7406\u60f3\u63d0\u4f9b\u66f4\u591a\u9009\u62e9 \u5357\u4eac\u6ea7\u6c34\u5e78\u5e84\u4ea7\u4e1a\u56ed \u5357\u4eac\u5e78\u5e84\u79d1\u6280\u4ea7\u4e1a\u56ed(\u6d77\u5916\u4eba\u624d\u521b\u4e1a\u56ed)\u4e3a\u79d1\u6280\u521b\u65b0\u3001 [&hellip;]\" \/>\n<meta property=\"og:url\" content=\"https:\/\/www.tigerandtech.com\/de\/park-carrier\/\" \/>\n<meta property=\"og:site_name\" content=\"\u6c5f\u82cf\u5c0f\u864e\u79d1\u6280\u53d1\u5c55\u6709\u9650\u516c\u53f8\" \/>\n<meta property=\"article:modified_time\" content=\"2023-08-29T06:22:13+00:00\" \/>\n<meta property=\"og:image\" content=\"https:\/\/www.tigerandtech.com\/wp-content\/uploads\/2023\/07\/address-img.webp\" \/>\n<meta name=\"twitter:card\" content=\"summary_large_image\" \/>\n<script type=\"application\/ld+json\" class=\"yoast-schema-graph\">{\"@context\":\"https:\/\/schema.org\",\"@graph\":[{\"@type\":\"WebPage\",\"@id\":\"https:\/\/www.tigerandtech.com\/de\/park-carrier\/\",\"url\":\"https:\/\/www.tigerandtech.com\/de\/park-carrier\/\",\"name\":\"\u56ed\u533a\u8f7d\u4f53 - \u6c5f\u82cf\u5c0f\u864e\u79d1\u6280\u53d1\u5c55\u6709\u9650\u516c\u53f8\",\"isPartOf\":{\"@id\":\"https:\/\/www.tigerandtech.com\/de\/#website\"},\"primaryImageOfPage\":{\"@id\":\"https:\/\/www.tigerandtech.com\/de\/park-carrier\/#primaryimage\"},\"image\":{\"@id\":\"https:\/\/www.tigerandtech.com\/de\/park-carrier\/#primaryimage\"},\"thumbnailUrl\":\"https:\/\/www.tigerandtech.com\/wp-content\/uploads\/2023\/07\/address-img.webp\",\"datePublished\":\"2023-07-03T14:42:28+00:00\",\"dateModified\":\"2023-08-29T06:22:13+00:00\",\"breadcrumb\":{\"@id\":\"https:\/\/www.tigerandtech.com\/de\/park-carrier\/#breadcrumb\"},\"inLanguage\":\"de-DE\",\"potentialAction\":[{\"@type\":\"ReadAction\",\"target\":[\"https:\/\/www.tigerandtech.com\/de\/park-carrier\/\"]}]},{\"@type\":\"ImageObject\",\"inLanguage\":\"de-DE\",\"@id\":\"https:\/\/www.tigerandtech.com\/de\/park-carrier\/#primaryimage\",\"url\":\"https:\/\/www.tigerandtech.com\/wp-content\/uploads\/2023\/07\/address-img.webp\",\"contentUrl\":\"https:\/\/www.tigerandtech.com\/wp-content\/uploads\/2023\/07\/address-img.webp\"},{\"@type\":\"BreadcrumbList\",\"@id\":\"https:\/\/www.tigerandtech.com\/de\/park-carrier\/#breadcrumb\",\"itemListElement\":[{\"@type\":\"ListItem\",\"position\":1,\"name\":\"\u9996\u9875\",\"item\":\"https:\/\/www.tigerandtech.com\/\"},{\"@type\":\"ListItem\",\"position\":2,\"name\":\"\u56ed\u533a\u8f7d\u4f53\"}]},{\"@type\":\"WebSite\",\"@id\":\"https:\/\/www.tigerandtech.com\/de\/#website\",\"url\":\"https:\/\/www.tigerandtech.com\/de\/\",\"name\":\"\u6c5f\u82cf\u5c0f\u864e\u79d1\u6280\u53d1\u5c55\u6709\u9650\u516c\u53f8\",\"description\":\"\",\"publisher\":{\"@id\":\"https:\/\/www.tigerandtech.com\/de\/#organization\"},\"potentialAction\":[{\"@type\":\"SearchAction\",\"target\":{\"@type\":\"EntryPoint\",\"urlTemplate\":\"https:\/\/www.tigerandtech.com\/de\/?s={search_term_string}\"},\"query-input\":{\"@type\":\"PropertyValueSpecification\",\"valueRequired\":true,\"valueName\":\"search_term_string\"}}],\"inLanguage\":\"de-DE\"},{\"@type\":\"Organization\",\"@id\":\"https:\/\/www.tigerandtech.com\/de\/#organization\",\"name\":\"\u6c5f\u82cf\u5c0f\u864e\u79d1\u6280\u53d1\u5c55\u6709\u9650\u516c\u53f8\",\"url\":\"https:\/\/www.tigerandtech.com\/de\/\",\"logo\":{\"@type\":\"ImageObject\",\"inLanguage\":\"de-DE\",\"@id\":\"https:\/\/www.tigerandtech.com\/de\/#\/schema\/logo\/image\/\",\"url\":\"https:\/\/www.tigerandtech.com\/wp-content\/uploads\/2024\/04\/LOGO.webp\",\"contentUrl\":\"https:\/\/www.tigerandtech.com\/wp-content\/uploads\/2024\/04\/LOGO.webp\",\"width\":1003,\"height\":116,\"caption\":\"\u6c5f\u82cf\u5c0f\u864e\u79d1\u6280\u53d1\u5c55\u6709\u9650\u516c\u53f8\"},\"image\":{\"@id\":\"https:\/\/www.tigerandtech.com\/de\/#\/schema\/logo\/image\/\"}}]}<\/script>\n<!-- \/ Yoast SEO plugin. -->","yoast_head_json":{"title":"Park Carrier - Jiangsu Xiaohu Science &amp; Technology Development Co.","robots":{"index":"index","follow":"follow","max-snippet":"max-snippet:-1","max-image-preview":"max-image-preview:large","max-video-preview":"max-video-preview:-1"},"canonical":"https:\/\/www.tigerandtech.com\/de\/park-carrier\/","og_locale":"de_DE","og_type":"article","og_title":"\u56ed\u533a\u8f7d\u4f53 - \u6c5f\u82cf\u5c0f\u864e\u79d1\u6280\u53d1\u5c55\u6709\u9650\u516c\u53f8","og_description":"\u591a\u4e2a\u56ed\u533a\u8f7d\u4f53 \u4e3a\u5b9e\u73b0\u60a8\u7684\u7406\u60f3\u63d0\u4f9b\u66f4\u591a\u9009\u62e9 \u5357\u4eac\u6ea7\u6c34\u5e78\u5e84\u4ea7\u4e1a\u56ed \u5357\u4eac\u5e78\u5e84\u79d1\u6280\u4ea7\u4e1a\u56ed(\u6d77\u5916\u4eba\u624d\u521b\u4e1a\u56ed)\u4e3a\u79d1\u6280\u521b\u65b0\u3001 [&hellip;]","og_url":"https:\/\/www.tigerandtech.com\/de\/park-carrier\/","og_site_name":"\u6c5f\u82cf\u5c0f\u864e\u79d1\u6280\u53d1\u5c55\u6709\u9650\u516c\u53f8","article_modified_time":"2023-08-29T06:22:13+00:00","og_image":[{"url":"https:\/\/www.tigerandtech.com\/wp-content\/uploads\/2023\/07\/address-img.webp","type":"","width":"","height":""}],"twitter_card":"summary_large_image","schema":{"@context":"https:\/\/schema.org","@graph":[{"@type":"WebPage","@id":"https:\/\/www.tigerandtech.com\/de\/park-carrier\/","url":"https:\/\/www.tigerandtech.com\/de\/park-carrier\/","name":"Park Carrier - Jiangsu Xiaohu Science &amp; Technology Development Co.","isPartOf":{"@id":"https:\/\/www.tigerandtech.com\/de\/#website"},"primaryImageOfPage":{"@id":"https:\/\/www.tigerandtech.com\/de\/park-carrier\/#primaryimage"},"image":{"@id":"https:\/\/www.tigerandtech.com\/de\/park-carrier\/#primaryimage"},"thumbnailUrl":"https:\/\/www.tigerandtech.com\/wp-content\/uploads\/2023\/07\/address-img.webp","datePublished":"2023-07-03T14:42:28+00:00","dateModified":"2023-08-29T06:22:13+00:00","breadcrumb":{"@id":"https:\/\/www.tigerandtech.com\/de\/park-carrier\/#breadcrumb"},"inLanguage":"de-DE","potentialAction":[{"@type":"ReadAction","target":["https:\/\/www.tigerandtech.com\/de\/park-carrier\/"]}]},{"@type":"ImageObject","inLanguage":"de-DE","@id":"https:\/\/www.tigerandtech.com\/de\/park-carrier\/#primaryimage","url":"https:\/\/www.tigerandtech.com\/wp-content\/uploads\/2023\/07\/address-img.webp","contentUrl":"https:\/\/www.tigerandtech.com\/wp-content\/uploads\/2023\/07\/address-img.webp"},{"@type":"BreadcrumbList","@id":"https:\/\/www.tigerandtech.com\/de\/park-carrier\/#breadcrumb","itemListElement":[{"@type":"ListItem","position":1,"name":"\u9996\u9875","item":"https:\/\/www.tigerandtech.com\/"},{"@type":"ListItem","position":2,"name":"\u56ed\u533a\u8f7d\u4f53"}]},{"@type":"WebSite","@id":"https:\/\/www.tigerandtech.com\/de\/#website","url":"https:\/\/www.tigerandtech.com\/de\/","name":"Jiangsu Xiaohu Technology Development Co.","description":"","publisher":{"@id":"https:\/\/www.tigerandtech.com\/de\/#organization"},"potentialAction":[{"@type":"SearchAction","target":{"@type":"EntryPoint","urlTemplate":"https:\/\/www.tigerandtech.com\/de\/?s={search_term_string}"},"query-input":{"@type":"PropertyValueSpecification","valueRequired":true,"valueName":"search_term_string"}}],"inLanguage":"de-DE"},{"@type":"Organization","@id":"https:\/\/www.tigerandtech.com\/de\/#organization","name":"Jiangsu Xiaohu Technology Development Co.","url":"https:\/\/www.tigerandtech.com\/de\/","logo":{"@type":"ImageObject","inLanguage":"de-DE","@id":"https:\/\/www.tigerandtech.com\/de\/#\/schema\/logo\/image\/","url":"https:\/\/www.tigerandtech.com\/wp-content\/uploads\/2024\/04\/LOGO.webp","contentUrl":"https:\/\/www.tigerandtech.com\/wp-content\/uploads\/2024\/04\/LOGO.webp","width":1003,"height":116,"caption":"\u6c5f\u82cf\u5c0f\u864e\u79d1\u6280\u53d1\u5c55\u6709\u9650\u516c\u53f8"},"image":{"@id":"https:\/\/www.tigerandtech.com\/de\/#\/schema\/logo\/image\/"}}]}},"_links":{"self":[{"href":"https:\/\/www.tigerandtech.com\/de\/wp-json\/wp\/v2\/pages\/221","targetHints":{"allow":["GET"]}}],"collection":[{"href":"https:\/\/www.tigerandtech.com\/de\/wp-json\/wp\/v2\/pages"}],"about":[{"href":"https:\/\/www.tigerandtech.com\/de\/wp-json\/wp\/v2\/types\/page"}],"author":[{"embeddable":true,"href":"https:\/\/www.tigerandtech.com\/de\/wp-json\/wp\/v2\/users\/4"}],"replies":[{"embeddable":true,"href":"https:\/\/www.tigerandtech.com\/de\/wp-json\/wp\/v2\/comments?post=221"}],"version-history":[{"count":0,"href":"https:\/\/www.tigerandtech.com\/de\/wp-json\/wp\/v2\/pages\/221\/revisions"}],"wp:attachment":[{"href":"https:\/\/www.tigerandtech.com\/de\/wp-json\/wp\/v2\/media?parent=221"}],"curies":[{"name":"wp","href":"https:\/\/api.w.org\/{rel}","templated":true}]}}