{"id":2759,"date":"2023-08-23T22:53:28","date_gmt":"2023-08-23T14:53:28","guid":{"rendered":"https:\/\/www.tigerandtech.com\/?page_id=2759"},"modified":"2023-08-24T09:03:38","modified_gmt":"2023-08-24T01:03:38","slug":"da_xing_zhi_zao_ye","status":"publish","type":"page","link":"https:\/\/www.tigerandtech.com\/de\/business-exchange\/partners\/da_xing_zhi_zao_ye\/","title":{"rendered":"Gro\u00dfserienfertigung"},"content":{"rendered":"<div data-elementor-type=\"wp-page\" data-elementor-id=\"2759\" class=\"elementor elementor-2759\" data-elementor-settings=\"{&quot;element_pack_global_tooltip_width&quot;:{&quot;unit&quot;:&quot;px&quot;,&quot;size&quot;:&quot;&quot;,&quot;sizes&quot;:[]},&quot;element_pack_global_tooltip_width_tablet&quot;:{&quot;unit&quot;:&quot;px&quot;,&quot;size&quot;:&quot;&quot;,&quot;sizes&quot;:[]},&quot;element_pack_global_tooltip_width_mobile&quot;:{&quot;unit&quot;:&quot;px&quot;,&quot;size&quot;:&quot;&quot;,&quot;sizes&quot;:[]},&quot;element_pack_global_tooltip_padding&quot;:{&quot;unit&quot;:&quot;px&quot;,&quot;top&quot;:&quot;&quot;,&quot;right&quot;:&quot;&quot;,&quot;bottom&quot;:&quot;&quot;,&quot;left&quot;:&quot;&quot;,&quot;isLinked&quot;:true},&quot;element_pack_global_tooltip_padding_tablet&quot;:{&quot;unit&quot;:&quot;px&quot;,&quot;top&quot;:&quot;&quot;,&quot;right&quot;:&quot;&quot;,&quot;bottom&quot;:&quot;&quot;,&quot;left&quot;:&quot;&quot;,&quot;isLinked&quot;:true},&quot;element_pack_global_tooltip_padding_mobile&quot;:{&quot;unit&quot;:&quot;px&quot;,&quot;top&quot;:&quot;&quot;,&quot;right&quot;:&quot;&quot;,&quot;bottom&quot;:&quot;&quot;,&quot;left&quot;:&quot;&quot;,&quot;isLinked&quot;:true},&quot;element_pack_global_tooltip_border_radius&quot;:{&quot;unit&quot;:&quot;px&quot;,&quot;top&quot;:&quot;&quot;,&quot;right&quot;:&quot;&quot;,&quot;bottom&quot;:&quot;&quot;,&quot;left&quot;:&quot;&quot;,&quot;isLinked&quot;:true},&quot;element_pack_global_tooltip_border_radius_tablet&quot;:{&quot;unit&quot;:&quot;px&quot;,&quot;top&quot;:&quot;&quot;,&quot;right&quot;:&quot;&quot;,&quot;bottom&quot;:&quot;&quot;,&quot;left&quot;:&quot;&quot;,&quot;isLinked&quot;:true},&quot;element_pack_global_tooltip_border_radius_mobile&quot;:{&quot;unit&quot;:&quot;px&quot;,&quot;top&quot;:&quot;&quot;,&quot;right&quot;:&quot;&quot;,&quot;bottom&quot;:&quot;&quot;,&quot;left&quot;:&quot;&quot;,&quot;isLinked&quot;:true}}\" data-elementor-post-type=\"page\">\n\t\t\t\t\t\t<section class=\"elementor-section elementor-top-section elementor-element elementor-element-3ee0518 elementor-section-boxed elementor-section-height-default elementor-section-height-default\" data-id=\"3ee0518\" data-element_type=\"section\" data-settings=\"{&quot;background_background&quot;:&quot;classic&quot;}\">\n\t\t\t\t\t\t<div class=\"elementor-container elementor-column-gap-no\">\n\t\t\t\t\t<div class=\"elementor-column elementor-col-100 elementor-top-column elementor-element elementor-element-7dfeba5\" data-id=\"7dfeba5\" data-element_type=\"column\">\n\t\t\t<div class=\"elementor-widget-wrap elementor-element-populated\">\n\t\t\t\t\t\t<section class=\"elementor-section elementor-inner-section elementor-element elementor-element-0f97d89 elementor-section-full_width elementor-section-height-min-height elementor-section-height-default\" data-id=\"0f97d89\" data-element_type=\"section\" data-settings=\"{&quot;background_background&quot;:&quot;classic&quot;}\">\n\t\t\t\t\t\t<div class=\"elementor-container elementor-column-gap-default\">\n\t\t\t\t\t<div class=\"elementor-column elementor-col-50 elementor-inner-column elementor-element elementor-element-95b46dc\" data-id=\"95b46dc\" data-element_type=\"column\">\n\t\t\t<div class=\"elementor-widget-wrap elementor-element-populated\">\n\t\t\t\t\t\t<div class=\"elementor-element elementor-element-0fbeb15 elementor-widget__width-initial elementor-widget elementor-widget-heading\" data-id=\"0fbeb15\" data-element_type=\"widget\" data-widget_type=\"heading.default\">\n\t\t\t\t\t<h1 class=\"elementor-heading-title elementor-size-default\">Innovationsf\u00fchrerschaft wird zu einer unvermeidlichen Wahl<\/h1>\t\t\t\t<\/div>\n\t\t\t\t<div class=\"elementor-element elementor-element-450049b elementor-widget__width-initial elementor-widget-mobile__width-inherit elementor-widget elementor-widget-text-editor\" data-id=\"450049b\" data-element_type=\"widget\" data-widget_type=\"text-editor.default\">\n\t\t\t\t\t\t\t\t\t<p>Xiaohu Technology h\u00e4lt sich an die digitale Bef\u00e4higung der industriellen Entwicklung, wir arbeiten eng mit gro\u00dfen Fertigungsindustrien zusammen, um die Kombination von innovativer Technologie und Fertigungsindustrie zu erforschen und die Transformation und Modernisierung der Fertigungsindustrie zu unterst\u00fctzen.<\/p>\t\t\t\t\t\t\t\t<\/div>\n\t\t\t\t<div class=\"elementor-element elementor-element-f28c0c4 elementor-align-center elementor-widget elementor-widget-button\" data-id=\"f28c0c4\" data-element_type=\"widget\" data-widget_type=\"button.default\">\n\t\t\t\t\t\t\t\t\t\t<a class=\"elementor-button elementor-button-link elementor-size-sm\" href=\"\/de\/contact-us\/\">\n\t\t\t\t\t\t<span class=\"elementor-button-content-wrapper\">\n\t\t\t\t\t\t\t\t\t<span class=\"elementor-button-text\">Hand in Hand gehen und gemeinsam vorankommen (Idiom); sich die H\u00e4nde reichen und Hand in Hand vorankommen<\/span>\n\t\t\t\t\t<\/span>\n\t\t\t\t\t<\/a>\n\t\t\t\t\t\t\t\t<\/div>\n\t\t\t\t\t<\/div>\n\t\t<\/div>\n\t\t\t\t<div class=\"elementor-column elementor-col-50 elementor-inner-column elementor-element elementor-element-b1b02e0\" data-id=\"b1b02e0\" data-element_type=\"column\">\n\t\t\t<div class=\"elementor-widget-wrap elementor-element-populated\">\n\t\t\t\t\t\t<div class=\"elementor-element elementor-element-2b6fc8d elementor-widget elementor-widget-image\" data-id=\"2b6fc8d\" data-element_type=\"widget\" data-widget_type=\"image.default\">\n\t\t\t\t\t\t\t\t\t\t\t\t\t\t\t<img fetchpriority=\"high\" decoding=\"async\" width=\"772\" height=\"420\" src=\"https:\/\/www.tigerandtech.com\/wp-content\/uploads\/2023\/07\/comumicate.webp\" class=\"attachment-large size-large wp-image-911\" alt=\"\" srcset=\"https:\/\/www.tigerandtech.com\/wp-content\/uploads\/2023\/07\/comumicate.webp 772w, https:\/\/www.tigerandtech.com\/wp-content\/uploads\/2023\/07\/comumicate-300x163.webp 300w, https:\/\/www.tigerandtech.com\/wp-content\/uploads\/2023\/07\/comumicate-768x418.webp 768w\" sizes=\"(max-width: 772px) 100vw, 772px\" \/>\t\t\t\t\t\t\t\t\t\t\t\t\t\t\t<\/div>\n\t\t\t\t\t<\/div>\n\t\t<\/div>\n\t\t\t\t\t<\/div>\n\t\t<\/section>\n\t\t\t\t\t<\/div>\n\t\t<\/div>\n\t\t\t\t\t<\/div>\n\t\t<\/section>\n\t\t\t\t<section class=\"elementor-section elementor-top-section elementor-element elementor-element-621687f elementor-section-boxed elementor-section-height-default elementor-section-height-default\" data-id=\"621687f\" data-element_type=\"section\">\n\t\t\t\t\t\t<div class=\"elementor-container elementor-column-gap-default\">\n\t\t\t\t\t<div class=\"elementor-column elementor-col-50 elementor-top-column elementor-element elementor-element-e517bd5\" data-id=\"e517bd5\" data-element_type=\"column\">\n\t\t\t<div class=\"elementor-widget-wrap elementor-element-populated\">\n\t\t\t\t\t\t<div class=\"elementor-element elementor-element-e9feb3e elementor-widget elementor-widget-image\" data-id=\"e9feb3e\" data-element_type=\"widget\" data-widget_type=\"image.default\">\n\t\t\t\t\t\t\t\t\t\t\t\t\t\t\t<img decoding=\"async\" width=\"800\" height=\"566\" src=\"https:\/\/www.tigerandtech.com\/wp-content\/uploads\/2023\/08\/page-img.webp\" class=\"attachment-large size-large wp-image-3067\" alt=\"\" srcset=\"https:\/\/www.tigerandtech.com\/wp-content\/uploads\/2023\/08\/page-img.webp 800w, https:\/\/www.tigerandtech.com\/wp-content\/uploads\/2023\/08\/page-img-300x212.webp 300w, https:\/\/www.tigerandtech.com\/wp-content\/uploads\/2023\/08\/page-img-768x543.webp 768w, https:\/\/www.tigerandtech.com\/wp-content\/uploads\/2023\/08\/page-img-18x12.webp 18w\" sizes=\"(max-width: 800px) 100vw, 800px\" \/>\t\t\t\t\t\t\t\t\t\t\t\t\t\t\t<\/div>\n\t\t\t\t\t<\/div>\n\t\t<\/div>\n\t\t\t\t<div class=\"elementor-column elementor-col-50 elementor-top-column elementor-element elementor-element-6e64481\" data-id=\"6e64481\" data-element_type=\"column\">\n\t\t\t<div class=\"elementor-widget-wrap elementor-element-populated\">\n\t\t\t\t\t\t<div class=\"elementor-element elementor-element-a0c3319 elementor-widget__width-initial elementor-widget-mobile__width-inherit elementor-widget elementor-widget-text-editor\" data-id=\"a0c3319\" data-element_type=\"widget\" data-widget_type=\"text-editor.default\">\n\t\t\t\t\t\t\t\t\t<p><strong>Das Tempo der intelligenten Entwicklung in der Fertigung beschleunigt sich. Die \"Leuchtturmfabrik\" steht f\u00fcr den h\u00f6chsten Grad an Intelligenz und Digitalisierung im derzeitigen globalen Fertigungssektor.<\/strong><\/p>\t\t\t\t\t\t\t\t<\/div>\n\t\t\t\t<div class=\"elementor-element elementor-element-7c5a1a9 elementor-widget__width-initial elementor-widget-mobile__width-inherit elementor-widget elementor-widget-text-editor\" data-id=\"7c5a1a9\" data-element_type=\"widget\" data-widget_type=\"text-editor.default\">\n\t\t\t\t\t\t\t\t\t<div class=\"messages-area\"><div class=\"msg-list custom-scroll-hover\"><div class=\"msg-bubble msg-item-2Ndjrzqkst7DjFW61nJYi4\"><div><div class=\"msg-bubble-content msg-bubble-content-bot msg-bubble-content-bot-in-receive-or-in-typing-new-add\"><div class=\"msg-item-content\"><div class=\"msg-content\"><div class=\"msg-content-inner\"><div class=\"msg-txt\"><div class=\"msg-txt-innner\"><div class=\"messages-area\"><div class=\"msg-list custom-scroll-hover\"><div class=\"msg-bubble msg-item-2Ndjrzqkst7DjFW61nJYi4\"><div><div class=\"msg-bubble-content msg-bubble-content-bot msg-bubble-content-bot-in-receive-or-in-typing-new-add\"><div class=\"msg-item-content\"><div class=\"msg-content\"><div class=\"msg-content-inner\"><div class=\"msg-txt\"><div class=\"msg-txt-innner\"><p data-spm-anchor-id=\"0.0.0.i4.7f0374bcW1J4eC\">Gro\u00dfe Fertigungsunternehmen m\u00fcssen die Umwandlung und Modernisierung beschleunigen, die Produktionseffizienz und Produktqualit\u00e4t verbessern und die digitale Transformation vollziehen, um dem globalen Wettbewerb und der nachhaltigen Entwicklung standzuhalten. Neue Technologien wie die intelligente Fertigungstechnik und das Internet der Dinge wurden eingef\u00fchrt, um den Produktionsprozess intelligenter und automatisierter zu gestalten und die Effizienz zu steigern.<\/p><\/div><\/div><\/div><\/div><\/div><\/div><\/div><\/div><\/div><\/div><\/div><\/div><\/div><\/div><\/div><\/div><\/div><\/div><\/div><\/div>\t\t\t\t\t\t\t\t<\/div>\n\t\t\t\t<div class=\"elementor-element elementor-element-c71c43b elementor-align-left elementor-widget elementor-widget-button\" data-id=\"c71c43b\" data-element_type=\"widget\" data-widget_type=\"button.default\">\n\t\t\t\t\t\t\t\t\t\t<a class=\"elementor-button elementor-button-link elementor-size-sm\" href=\"\/de\/about-us\/\">\n\t\t\t\t\t\t<span class=\"elementor-button-content-wrapper\">\n\t\t\t\t\t\t\t\t\t<span class=\"elementor-button-text\">Erfahren Sie mehr \u00fcber uns<\/span>\n\t\t\t\t\t<\/span>\n\t\t\t\t\t<\/a>\n\t\t\t\t\t\t\t\t<\/div>\n\t\t\t\t\t<\/div>\n\t\t<\/div>\n\t\t\t\t\t<\/div>\n\t\t<\/section>\n\t\t\t\t<section class=\"elementor-section elementor-top-section elementor-element elementor-element-71bd2a4 elementor-section-boxed elementor-section-height-default elementor-section-height-default\" data-id=\"71bd2a4\" data-element_type=\"section\">\n\t\t\t\t\t\t<div class=\"elementor-container elementor-column-gap-default\">\n\t\t\t\t\t<div class=\"elementor-column elementor-col-100 elementor-top-column elementor-element elementor-element-8c23f82\" data-id=\"8c23f82\" data-element_type=\"column\">\n\t\t\t<div class=\"elementor-widget-wrap elementor-element-populated\">\n\t\t\t\t\t\t<div class=\"elementor-element elementor-element-fb91f20 elementor-widget__width-auto elementor-widget elementor-widget-heading\" data-id=\"fb91f20\" data-element_type=\"widget\" data-widget_type=\"heading.default\">\n\t\t\t\t\t<h2 class=\"elementor-heading-title elementor-size-default\">Partner<\/h2>\t\t\t\t<\/div>\n\t\t\t\t<div class=\"elementor-element elementor-element-8d11c8a elementor-widget elementor-widget-shortcode\" data-id=\"8d11c8a\" data-element_type=\"widget\" data-widget_type=\"shortcode.default\">\n\t\t\t\t\t\t\t<div class=\"elementor-shortcode\"><div class=\"pt-cv-wrapper\">Fehler: Ansicht <strong>237c6c3hsc<\/strong> darf nicht existieren<\/div><\/div>\n\t\t\t\t\t\t<\/div>\n\t\t\t\t\t<\/div>\n\t\t<\/div>\n\t\t\t\t\t<\/div>\n\t\t<\/section>\n\t\t\t\t<\/div>","protected":false},"excerpt":{"rendered":"<p>Innovationsf\u00fchrerschaft wird zu einer unvermeidlichen Wahl Xiaohu Technology h\u00e4lt sich an die digitale Bef\u00e4higung der industriellen Entwicklung, wir arbeiten eng mit gro\u00dfen Fertigungsunternehmen zusammen, um die Kombination von innovativer Technologie und Fertigung zu erkunden, [...]<\/p>","protected":false},"author":4,"featured_media":0,"parent":369,"menu_order":4,"comment_status":"closed","ping_status":"closed","template":"","meta":{"_acf_changed":false,"footnotes":""},"class_list":["post-2759","page","type-page","status-publish","hentry"],"acf":[],"yoast_head":"<!-- This site is optimized with the Yoast SEO plugin v25.8 - https:\/\/yoast.com\/wordpress\/plugins\/seo\/ -->\n<title>\u5927\u578b\u5236\u9020\u4e1a - \u6c5f\u82cf\u5c0f\u864e\u79d1\u6280\u53d1\u5c55\u6709\u9650\u516c\u53f8<\/title>\n<meta name=\"robots\" content=\"index, follow, max-snippet:-1, max-image-preview:large, max-video-preview:-1\" \/>\n<link rel=\"canonical\" href=\"https:\/\/www.tigerandtech.com\/de\/business-exchange\/partners\/da_xing_zhi_zao_ye\/\" \/>\n<meta property=\"og:locale\" content=\"de_DE\" \/>\n<meta property=\"og:type\" content=\"article\" \/>\n<meta property=\"og:title\" content=\"\u5927\u578b\u5236\u9020\u4e1a - \u6c5f\u82cf\u5c0f\u864e\u79d1\u6280\u53d1\u5c55\u6709\u9650\u516c\u53f8\" \/>\n<meta property=\"og:description\" content=\"\u521b\u65b0\u5f15\u9886\u6210\u4e3a\u5fc5\u7136\u9009\u62e9 \u5c0f\u864e\u79d1\u6280\u575a\u6301\u6570\u5b57\u8d4b\u80fd\u4ea7\u4e1a\u53d1\u5c55\uff0c\u6211\u4eec\u4e0e\u5927\u578b\u5236\u9020\u4e1a\u7d27\u5bc6\u5408\u4f5c\uff0c\u5171\u540c\u63a2\u7d22\u521b\u65b0\u6280\u672f\u4e0e\u5236\u9020\u4e1a\u7684\u7ed3\u5408\uff0c [&hellip;]\" \/>\n<meta property=\"og:url\" content=\"https:\/\/www.tigerandtech.com\/de\/business-exchange\/partners\/da_xing_zhi_zao_ye\/\" \/>\n<meta property=\"og:site_name\" content=\"\u6c5f\u82cf\u5c0f\u864e\u79d1\u6280\u53d1\u5c55\u6709\u9650\u516c\u53f8\" \/>\n<meta property=\"article:modified_time\" content=\"2023-08-24T01:03:38+00:00\" \/>\n<meta property=\"og:image\" content=\"https:\/\/www.tigerandtech.com\/wp-content\/uploads\/2023\/07\/comumicate.webp\" \/>\n<meta name=\"twitter:card\" content=\"summary_large_image\" \/>\n<script type=\"application\/ld+json\" class=\"yoast-schema-graph\">{\"@context\":\"https:\/\/schema.org\",\"@graph\":[{\"@type\":\"WebPage\",\"@id\":\"https:\/\/www.tigerandtech.com\/en\/business-exchange\/partners\/da_xing_zhi_zao_ye\/\",\"url\":\"https:\/\/www.tigerandtech.com\/en\/business-exchange\/partners\/da_xing_zhi_zao_ye\/\",\"name\":\"\u5927\u578b\u5236\u9020\u4e1a - \u6c5f\u82cf\u5c0f\u864e\u79d1\u6280\u53d1\u5c55\u6709\u9650\u516c\u53f8\",\"isPartOf\":{\"@id\":\"https:\/\/www.tigerandtech.com\/de\/#website\"},\"primaryImageOfPage\":{\"@id\":\"https:\/\/www.tigerandtech.com\/en\/business-exchange\/partners\/da_xing_zhi_zao_ye\/#primaryimage\"},\"image\":{\"@id\":\"https:\/\/www.tigerandtech.com\/en\/business-exchange\/partners\/da_xing_zhi_zao_ye\/#primaryimage\"},\"thumbnailUrl\":\"https:\/\/www.tigerandtech.com\/wp-content\/uploads\/2023\/07\/comumicate.webp\",\"datePublished\":\"2023-08-23T14:53:28+00:00\",\"dateModified\":\"2023-08-24T01:03:38+00:00\",\"breadcrumb\":{\"@id\":\"https:\/\/www.tigerandtech.com\/en\/business-exchange\/partners\/da_xing_zhi_zao_ye\/#breadcrumb\"},\"inLanguage\":\"de-DE\",\"potentialAction\":[{\"@type\":\"ReadAction\",\"target\":[\"https:\/\/www.tigerandtech.com\/en\/business-exchange\/partners\/da_xing_zhi_zao_ye\/\"]}]},{\"@type\":\"ImageObject\",\"inLanguage\":\"de-DE\",\"@id\":\"https:\/\/www.tigerandtech.com\/en\/business-exchange\/partners\/da_xing_zhi_zao_ye\/#primaryimage\",\"url\":\"https:\/\/www.tigerandtech.com\/wp-content\/uploads\/2023\/07\/comumicate.webp\",\"contentUrl\":\"https:\/\/www.tigerandtech.com\/wp-content\/uploads\/2023\/07\/comumicate.webp\"},{\"@type\":\"BreadcrumbList\",\"@id\":\"https:\/\/www.tigerandtech.com\/en\/business-exchange\/partners\/da_xing_zhi_zao_ye\/#breadcrumb\",\"itemListElement\":[{\"@type\":\"ListItem\",\"position\":1,\"name\":\"\u9996\u9875\",\"item\":\"https:\/\/www.tigerandtech.com\/\"},{\"@type\":\"ListItem\",\"position\":2,\"name\":\"\u4f01\u4e1a\u8d44\u6e90\",\"item\":\"https:\/\/www.tigerandtech.com\/en\/business-exchange\/\"},{\"@type\":\"ListItem\",\"position\":3,\"name\":\"\u5408\u4f5c\u4f19\u4f34\",\"item\":\"https:\/\/www.tigerandtech.com\/en\/?page_id=369\"},{\"@type\":\"ListItem\",\"position\":4,\"name\":\"\u5927\u578b\u5236\u9020\u4e1a\"}]},{\"@type\":\"WebSite\",\"@id\":\"https:\/\/www.tigerandtech.com\/de\/#website\",\"url\":\"https:\/\/www.tigerandtech.com\/de\/\",\"name\":\"\u6c5f\u82cf\u5c0f\u864e\u79d1\u6280\u53d1\u5c55\u6709\u9650\u516c\u53f8\",\"description\":\"\",\"publisher\":{\"@id\":\"https:\/\/www.tigerandtech.com\/de\/#organization\"},\"potentialAction\":[{\"@type\":\"SearchAction\",\"target\":{\"@type\":\"EntryPoint\",\"urlTemplate\":\"https:\/\/www.tigerandtech.com\/de\/?s={search_term_string}\"},\"query-input\":{\"@type\":\"PropertyValueSpecification\",\"valueRequired\":true,\"valueName\":\"search_term_string\"}}],\"inLanguage\":\"de-DE\"},{\"@type\":\"Organization\",\"@id\":\"https:\/\/www.tigerandtech.com\/de\/#organization\",\"name\":\"\u6c5f\u82cf\u5c0f\u864e\u79d1\u6280\u53d1\u5c55\u6709\u9650\u516c\u53f8\",\"url\":\"https:\/\/www.tigerandtech.com\/de\/\",\"logo\":{\"@type\":\"ImageObject\",\"inLanguage\":\"de-DE\",\"@id\":\"https:\/\/www.tigerandtech.com\/de\/#\/schema\/logo\/image\/\",\"url\":\"https:\/\/www.tigerandtech.com\/wp-content\/uploads\/2024\/04\/LOGO.webp\",\"contentUrl\":\"https:\/\/www.tigerandtech.com\/wp-content\/uploads\/2024\/04\/LOGO.webp\",\"width\":1003,\"height\":116,\"caption\":\"\u6c5f\u82cf\u5c0f\u864e\u79d1\u6280\u53d1\u5c55\u6709\u9650\u516c\u53f8\"},\"image\":{\"@id\":\"https:\/\/www.tigerandtech.com\/de\/#\/schema\/logo\/image\/\"}}]}<\/script>\n<!-- \/ Yoast SEO plugin. -->","yoast_head_json":{"title":"Gro\u00dfserienfertigung - Jiangsu Xiaohu Technology Development Co.","robots":{"index":"index","follow":"follow","max-snippet":"max-snippet:-1","max-image-preview":"max-image-preview:large","max-video-preview":"max-video-preview:-1"},"canonical":"https:\/\/www.tigerandtech.com\/de\/business-exchange\/partners\/da_xing_zhi_zao_ye\/","og_locale":"de_DE","og_type":"article","og_title":"\u5927\u578b\u5236\u9020\u4e1a - \u6c5f\u82cf\u5c0f\u864e\u79d1\u6280\u53d1\u5c55\u6709\u9650\u516c\u53f8","og_description":"\u521b\u65b0\u5f15\u9886\u6210\u4e3a\u5fc5\u7136\u9009\u62e9 \u5c0f\u864e\u79d1\u6280\u575a\u6301\u6570\u5b57\u8d4b\u80fd\u4ea7\u4e1a\u53d1\u5c55\uff0c\u6211\u4eec\u4e0e\u5927\u578b\u5236\u9020\u4e1a\u7d27\u5bc6\u5408\u4f5c\uff0c\u5171\u540c\u63a2\u7d22\u521b\u65b0\u6280\u672f\u4e0e\u5236\u9020\u4e1a\u7684\u7ed3\u5408\uff0c [&hellip;]","og_url":"https:\/\/www.tigerandtech.com\/de\/business-exchange\/partners\/da_xing_zhi_zao_ye\/","og_site_name":"\u6c5f\u82cf\u5c0f\u864e\u79d1\u6280\u53d1\u5c55\u6709\u9650\u516c\u53f8","article_modified_time":"2023-08-24T01:03:38+00:00","og_image":[{"url":"https:\/\/www.tigerandtech.com\/wp-content\/uploads\/2023\/07\/comumicate.webp","type":"","width":"","height":""}],"twitter_card":"summary_large_image","schema":{"@context":"https:\/\/schema.org","@graph":[{"@type":"WebPage","@id":"https:\/\/www.tigerandtech.com\/en\/business-exchange\/partners\/da_xing_zhi_zao_ye\/","url":"https:\/\/www.tigerandtech.com\/en\/business-exchange\/partners\/da_xing_zhi_zao_ye\/","name":"Gro\u00dfserienfertigung - Jiangsu Xiaohu Technology Development Co.","isPartOf":{"@id":"https:\/\/www.tigerandtech.com\/de\/#website"},"primaryImageOfPage":{"@id":"https:\/\/www.tigerandtech.com\/en\/business-exchange\/partners\/da_xing_zhi_zao_ye\/#primaryimage"},"image":{"@id":"https:\/\/www.tigerandtech.com\/en\/business-exchange\/partners\/da_xing_zhi_zao_ye\/#primaryimage"},"thumbnailUrl":"https:\/\/www.tigerandtech.com\/wp-content\/uploads\/2023\/07\/comumicate.webp","datePublished":"2023-08-23T14:53:28+00:00","dateModified":"2023-08-24T01:03:38+00:00","breadcrumb":{"@id":"https:\/\/www.tigerandtech.com\/en\/business-exchange\/partners\/da_xing_zhi_zao_ye\/#breadcrumb"},"inLanguage":"de-DE","potentialAction":[{"@type":"ReadAction","target":["https:\/\/www.tigerandtech.com\/en\/business-exchange\/partners\/da_xing_zhi_zao_ye\/"]}]},{"@type":"ImageObject","inLanguage":"de-DE","@id":"https:\/\/www.tigerandtech.com\/en\/business-exchange\/partners\/da_xing_zhi_zao_ye\/#primaryimage","url":"https:\/\/www.tigerandtech.com\/wp-content\/uploads\/2023\/07\/comumicate.webp","contentUrl":"https:\/\/www.tigerandtech.com\/wp-content\/uploads\/2023\/07\/comumicate.webp"},{"@type":"BreadcrumbList","@id":"https:\/\/www.tigerandtech.com\/en\/business-exchange\/partners\/da_xing_zhi_zao_ye\/#breadcrumb","itemListElement":[{"@type":"ListItem","position":1,"name":"\u9996\u9875","item":"https:\/\/www.tigerandtech.com\/"},{"@type":"ListItem","position":2,"name":"\u4f01\u4e1a\u8d44\u6e90","item":"https:\/\/www.tigerandtech.com\/en\/business-exchange\/"},{"@type":"ListItem","position":3,"name":"\u5408\u4f5c\u4f19\u4f34","item":"https:\/\/www.tigerandtech.com\/en\/?page_id=369"},{"@type":"ListItem","position":4,"name":"\u5927\u578b\u5236\u9020\u4e1a"}]},{"@type":"WebSite","@id":"https:\/\/www.tigerandtech.com\/de\/#website","url":"https:\/\/www.tigerandtech.com\/de\/","name":"Jiangsu Xiaohu Technology Development Co.","description":"","publisher":{"@id":"https:\/\/www.tigerandtech.com\/de\/#organization"},"potentialAction":[{"@type":"SearchAction","target":{"@type":"EntryPoint","urlTemplate":"https:\/\/www.tigerandtech.com\/de\/?s={search_term_string}"},"query-input":{"@type":"PropertyValueSpecification","valueRequired":true,"valueName":"search_term_string"}}],"inLanguage":"de-DE"},{"@type":"Organization","@id":"https:\/\/www.tigerandtech.com\/de\/#organization","name":"Jiangsu Xiaohu Technology Development Co.","url":"https:\/\/www.tigerandtech.com\/de\/","logo":{"@type":"ImageObject","inLanguage":"de-DE","@id":"https:\/\/www.tigerandtech.com\/de\/#\/schema\/logo\/image\/","url":"https:\/\/www.tigerandtech.com\/wp-content\/uploads\/2024\/04\/LOGO.webp","contentUrl":"https:\/\/www.tigerandtech.com\/wp-content\/uploads\/2024\/04\/LOGO.webp","width":1003,"height":116,"caption":"\u6c5f\u82cf\u5c0f\u864e\u79d1\u6280\u53d1\u5c55\u6709\u9650\u516c\u53f8"},"image":{"@id":"https:\/\/www.tigerandtech.com\/de\/#\/schema\/logo\/image\/"}}]}},"_links":{"self":[{"href":"https:\/\/www.tigerandtech.com\/de\/wp-json\/wp\/v2\/pages\/2759","targetHints":{"allow":["GET"]}}],"collection":[{"href":"https:\/\/www.tigerandtech.com\/de\/wp-json\/wp\/v2\/pages"}],"about":[{"href":"https:\/\/www.tigerandtech.com\/de\/wp-json\/wp\/v2\/types\/page"}],"author":[{"embeddable":true,"href":"https:\/\/www.tigerandtech.com\/de\/wp-json\/wp\/v2\/users\/4"}],"replies":[{"embeddable":true,"href":"https:\/\/www.tigerandtech.com\/de\/wp-json\/wp\/v2\/comments?post=2759"}],"version-history":[{"count":0,"href":"https:\/\/www.tigerandtech.com\/de\/wp-json\/wp\/v2\/pages\/2759\/revisions"}],"up":[{"embeddable":true,"href":"https:\/\/www.tigerandtech.com\/de\/wp-json\/wp\/v2\/pages\/369"}],"wp:attachment":[{"href":"https:\/\/www.tigerandtech.com\/de\/wp-json\/wp\/v2\/media?parent=2759"}],"curies":[{"name":"wp","href":"https:\/\/api.w.org\/{rel}","templated":true}]}}